{"id":88,"date":"2019-11-24T18:13:18","date_gmt":"2019-11-24T17:13:18","guid":{"rendered":"http:\/\/sage-femme-chateau-renault.fr\/?page_id=88"},"modified":"2022-01-05T18:13:42","modified_gmt":"2022-01-05T17:13:42","slug":"se-rendre-au-cabinet","status":"publish","type":"page","link":"https:\/\/sage-femme-chateau-renault.fr\/index.php\/se-rendre-au-cabinet\/","title":{"rendered":"Se rendre au cabinet"},"content":{"rendered":"\n<p>Maison de sant\u00e9 pluridisciplinaire Emile Aron<\/p>\n\n\n\n<p>4 rue du four br\u00fbl\u00e9<\/p>\n\n\n\n<p>37110 Ch\u00e2teau-Renault<\/p>\n\n\n\n<p>Le cabinet est accessible aux personnes \u00e0 mobilit\u00e9 r\u00e9duite.<\/p>\n\n\n\n<div class=\"leaflet-map WPLeafletMap\" style=\"height:250px; width:100%;\"><\/div><script>\nwindow.WPLeafletMapPlugin = window.WPLeafletMapPlugin || [];\nwindow.WPLeafletMapPlugin.push(function WPLeafletMapShortcode() {\/*<script>*\/\nvar baseUrl = atob('aHR0cHM6Ly97c30udGlsZS5vcGVuc3RyZWV0bWFwLm9yZy97en0ve3h9L3t5fS5wbmc=');\nvar base = (!baseUrl && window.MQ) ?\n    window.MQ.mapLayer() : L.tileLayer(baseUrl,\n        L.Util.extend({}, {\n            detectRetina: 0,\n        },\n        {\"subdomains\":\"abc\",\"noWrap\":false,\"maxZoom\":20}        )\n    );\n    var options = L.Util.extend({}, {\n        layers: [base],\n        attributionControl: false\n    },\n    {\"zoomControl\":true,\"scrollWheelZoom\":false,\"doubleClickZoom\":false,\"fitBounds\":false,\"minZoom\":0,\"maxZoom\":20,\"maxBounds\":null,\"attribution\":\"<a href=\\\"http:\\\/\\\/leafletjs.com\\\" title=\\\"A JS library for interactive maps\\\">Leaflet<\\\/a>; \\u00a9 <a href=\\\"http:\\\/\\\/www.openstreetmap.org\\\/copyright\\\">OpenStreetMap<\\\/a> contributors\"},\n    {});\nwindow.WPLeafletMapPlugin.createMap(options).setView([47.589678987897,0.90778805707826],19);});<\/script>\n<script>\nwindow.WPLeafletMapPlugin = window.WPLeafletMapPlugin || [];\nwindow.WPLeafletMapPlugin.push(function WPLeafletMarkerShortcode() {\/*<script>*\/\nvar map = window.WPLeafletMapPlugin.getCurrentMap();\nvar group = window.WPLeafletMapPlugin.getCurrentGroup();\nvar marker_options = window.WPLeafletMapPlugin.getIconOptions({});\nvar marker = L.marker(\n    [47.589736514061,0.90783550453139],\n    marker_options\n);\nvar is_image = map.is_image_map;\nif (marker_options.draggable) {\n    marker.on('dragend', function () {\n        var latlng = this.getLatLng();\n        var lat = latlng.lat;\n        var lng = latlng.lng;\n        if (is_image) {\n            console.log('leaflet-marker y=' + lat + ' x=' + lng);\n        } else {\n            console.log('leaflet-marker lat=' + lat + ' lng=' + lng);\n        }\n    });\n}\nmarker.addTo( group );\nmarker.bindPopup(window.WPLeafletMapPlugin.unescape(' &lt;br&gt;&lt;a href=\\&quot;https:\/\/www.google.com\/maps\/dir\/\/4+Rue+du+Four+Br%C3%BBl%C3%A9,+37110+Ch%C3%A2teau-Renault\/@47.58991,0.9035243,16z\/data=!4m8!4m7!1m0!1m5!1m1!1s0x47e330b32e5fd16d:0xd1d89359287a1071!2m2!1d0.9079017!2d47.5899101\\&quot;&gt;Voir l&amp;rsquo;itin\u00e9raire&lt;\/a&gt; ')).openPopup();window.WPLeafletMapPlugin.markers.push( marker );\n        });<\/script>\n\n\n\n<p class=\"has-text-color has-white-color\">Sage-femme Tours Indre-et-Loire 37<\/p>\n","protected":false},"excerpt":{"rendered":"<p>Maison de sant\u00e9 pluridisciplinaire Emile Aron 4 rue du four br\u00fbl\u00e9 37110 Ch\u00e2teau-Renault Le cabinet est accessible aux personnes \u00e0 mobilit\u00e9 r\u00e9duite. Sage-femme Tours Indre-et-Loire 37<\/p>\n","protected":false},"author":1,"featured_media":0,"parent":0,"menu_order":0,"comment_status":"closed","ping_status":"closed","template":"","meta":{"footnotes":""},"class_list":["post-88","page","type-page","status-publish","hentry"],"aioseo_notices":[],"_links":{"self":[{"href":"https:\/\/sage-femme-chateau-renault.fr\/index.php\/wp-json\/wp\/v2\/pages\/88","targetHints":{"allow":["GET"]}}],"collection":[{"href":"https:\/\/sage-femme-chateau-renault.fr\/index.php\/wp-json\/wp\/v2\/pages"}],"about":[{"href":"https:\/\/sage-femme-chateau-renault.fr\/index.php\/wp-json\/wp\/v2\/types\/page"}],"author":[{"embeddable":true,"href":"https:\/\/sage-femme-chateau-renault.fr\/index.php\/wp-json\/wp\/v2\/users\/1"}],"replies":[{"embeddable":true,"href":"https:\/\/sage-femme-chateau-renault.fr\/index.php\/wp-json\/wp\/v2\/comments?post=88"}],"version-history":[{"count":17,"href":"https:\/\/sage-femme-chateau-renault.fr\/index.php\/wp-json\/wp\/v2\/pages\/88\/revisions"}],"predecessor-version":[{"id":472,"href":"https:\/\/sage-femme-chateau-renault.fr\/index.php\/wp-json\/wp\/v2\/pages\/88\/revisions\/472"}],"wp:attachment":[{"href":"https:\/\/sage-femme-chateau-renault.fr\/index.php\/wp-json\/wp\/v2\/media?parent=88"}],"curies":[{"name":"wp","href":"https:\/\/api.w.org\/{rel}","templated":true}]}}