{"id":502,"date":"2023-06-19T14:32:05","date_gmt":"2023-06-19T12:32:05","guid":{"rendered":"https:\/\/sage-femme-chateau-renault.fr\/?page_id=502"},"modified":"2025-11-17T21:13:56","modified_gmt":"2025-11-17T20:13:56","slug":"sexologie","status":"publish","type":"page","link":"https:\/\/sage-femme-chateau-renault.fr\/index.php\/sexologie\/","title":{"rendered":"Sexologie"},"content":{"rendered":"\n<p class=\"has-text-align-center has-large-font-size\">Sexologie<\/p>\n\n\n<div class=\"wp-block-image\">\n<figure class=\"aligncenter is-resized\"><img loading=\"lazy\" decoding=\"async\" width=\"225\" height=\"226\" src=\"http:\/\/sage-femme-chateau-renault.fr\/wp-content\/uploads\/2019\/12\/Sans-titre-3.jpg\" alt=\"\" class=\"wp-image-327\" style=\"width:194px;height:194px\" srcset=\"https:\/\/sage-femme-chateau-renault.fr\/wp-content\/uploads\/2019\/12\/Sans-titre-3.jpg 225w, https:\/\/sage-femme-chateau-renault.fr\/wp-content\/uploads\/2019\/12\/Sans-titre-3-150x150.jpg 150w\" sizes=\"auto, (max-width: 225px) 100vw, 225px\" \/><\/figure>\n<\/div>\n\n\n<p class=\"has-text-align-center\"><strong>Tiphaine Huet<\/strong>, sage-femme form\u00e9e \u00e0 l&rsquo;Approche Sexocorporelle dispens\u00e9e par le CFSF (Centre International de Formation et de Recherche en Sexualit\u00e9)<\/p>\n\n\n\n<p class=\"has-text-align-center\">Les sages-femmes pratiquent un examen clinique complet (g\u00e9n\u00e9ral et gyn\u00e9cologique) et tous les actes n\u00e9cessaires \u00e0 votre suivi. Elles r\u00e9alisent \u00e9galement les frottis cervico-vaginaux de d\u00e9pistage et peuvent vous prescrire tous les examens compl\u00e9mentaires utiles \u00e0 votre suivi. Elles sont comp\u00e9tentes pour d\u00e9pister des pathologies et vous adressent alors \u00e0 un m\u00e9decin.<\/p>\n\n\n\n<p class=\"has-text-align-center\"><strong>Qu&rsquo;est-ce que le Sexocorporel ?<\/strong><\/p>\n\n\n\n<p class=\"has-text-align-center\">Le Sexocorporel est une m\u00e9thode scientifique d\u2019\u00e9tude et de prise en charge des dysfonctions sexuelles non organiques. Il a \u00e9t\u00e9 d\u00e9velopp\u00e9 d\u00e8s les ann\u00e9es 1970 au Qu\u00e9bec par le Pr. Jean-Yves Desjardins. Le Sexocorporel repose sur l\u2019\u00e9tude du corps explicite (observable) et implicite (psychique), le corps \u00e9tant le miroir de notre cerveau.  Les consultations peuvent \u00eatre motiv\u00e9es par l\u2019envie de mieux conna\u00eetre le fonctionnement de votre sexualit\u00e9, et\/ou par l\u2019envie de r\u00e9pondre \u00e0 une probl\u00e9matique de sant\u00e9 sexuelle. Par exemple : trouble du d\u00e9sir, trouble du plaisir, douleurs et\/ou questionnements sur sa sexualit\u00e9 etc. Je pratique uniquement des th\u00e9rapies individuelles avec des femmes, m\u00eame s\u2019il est possible de solliciter la pr\u00e9sence de votre partenaire pour une s\u00e9ance.<\/p>\n\n\n\n<p class=\"has-text-align-center\">Premi\u00e8re consultation de sexologie 30 min : 26.5\u20ac<br>Pour les consultations suivantes = Consultation de sexologie 45 \u00e0 60 min : 56.5\u20ac<br>Certaines compl\u00e9mentaires sant\u00e9 proposent une participation, n\u2019h\u00e9sitez pas \u00e0 contacter la v\u00f4tre.<\/p>\n\n\n\n<div class=\"wp-block-themeisle-blocks-advanced-columns has-1-columns has-desktop-equal-layout has-tablet-equal-layout has-mobile-equal-layout has-default-gap has-vertical-unset\" id=\"wp-block-themeisle-blocks-advanced-columns-639b61dd\" style=\"border-width:0px;border-style:solid;border-color:#000000;border-radius:0px;justify-content:unset\"><div class=\"wp-themeisle-block-overlay\" style=\"opacity:0.5;mix-blend-mode:normal\"><\/div><div class=\"innerblocks-wrap\"><\/div><\/div>\n","protected":false},"excerpt":{"rendered":"<p>Sexologie Tiphaine Huet, sage-femme form\u00e9e \u00e0 l&rsquo;Approche Sexocorporelle dispens\u00e9e par le CFSF (Centre International de Formation et de Recherche en Sexualit\u00e9) Les sages-femmes pratiquent un examen clinique complet (g\u00e9n\u00e9ral et gyn\u00e9cologique) et tous les actes n\u00e9cessaires \u00e0 votre suivi. Elles r\u00e9alisent \u00e9galement les frottis cervico-vaginaux de d\u00e9pistage et peuvent vous [&hellip;]<\/p>\n","protected":false},"author":1,"featured_media":0,"parent":0,"menu_order":0,"comment_status":"closed","ping_status":"closed","template":"page-templates\/template-pagebuilder-full-width.php","meta":{"footnotes":""},"class_list":["post-502","page","type-page","status-publish","hentry"],"aioseo_notices":[],"_links":{"self":[{"href":"https:\/\/sage-femme-chateau-renault.fr\/index.php\/wp-json\/wp\/v2\/pages\/502","targetHints":{"allow":["GET"]}}],"collection":[{"href":"https:\/\/sage-femme-chateau-renault.fr\/index.php\/wp-json\/wp\/v2\/pages"}],"about":[{"href":"https:\/\/sage-femme-chateau-renault.fr\/index.php\/wp-json\/wp\/v2\/types\/page"}],"author":[{"embeddable":true,"href":"https:\/\/sage-femme-chateau-renault.fr\/index.php\/wp-json\/wp\/v2\/users\/1"}],"replies":[{"embeddable":true,"href":"https:\/\/sage-femme-chateau-renault.fr\/index.php\/wp-json\/wp\/v2\/comments?post=502"}],"version-history":[{"count":14,"href":"https:\/\/sage-femme-chateau-renault.fr\/index.php\/wp-json\/wp\/v2\/pages\/502\/revisions"}],"predecessor-version":[{"id":549,"href":"https:\/\/sage-femme-chateau-renault.fr\/index.php\/wp-json\/wp\/v2\/pages\/502\/revisions\/549"}],"wp:attachment":[{"href":"https:\/\/sage-femme-chateau-renault.fr\/index.php\/wp-json\/wp\/v2\/media?parent=502"}],"curies":[{"name":"wp","href":"https:\/\/api.w.org\/{rel}","templated":true}]}}