{"id":137,"date":"2019-12-05T20:59:56","date_gmt":"2019-12-05T19:59:56","guid":{"rendered":"http:\/\/sage-femme-chateau-renault.fr\/?page_id=137"},"modified":"2022-01-05T17:31:45","modified_gmt":"2022-01-05T16:31:45","slug":"suivi-gynecologique","status":"publish","type":"page","link":"https:\/\/sage-femme-chateau-renault.fr\/index.php\/suivi-gynecologique\/","title":{"rendered":"Suivi gyn\u00e9cologique"},"content":{"rendered":"\n<p style=\"text-align:center\" class=\"has-large-font-size\">Suivi gyn\u00e9cologique<\/p>\n\n\n\n<div class=\"wp-block-image\"><figure class=\"aligncenter is-resized\"><img loading=\"lazy\" decoding=\"async\" src=\"http:\/\/sage-femme-chateau-renault.fr\/wp-content\/uploads\/2019\/12\/Sans-titre-3.jpg\" alt=\"\" class=\"wp-image-327\" width=\"194\" height=\"194\" srcset=\"https:\/\/sage-femme-chateau-renault.fr\/wp-content\/uploads\/2019\/12\/Sans-titre-3.jpg 225w, https:\/\/sage-femme-chateau-renault.fr\/wp-content\/uploads\/2019\/12\/Sans-titre-3-150x150.jpg 150w\" sizes=\"auto, (max-width: 194px) 100vw, 194px\" \/><\/figure><\/div>\n\n\n\n<p style=\"text-align:center\">Depuis la loi HSPT du 21 juillet 2009, les sages-femmes peuvent assurer des consultations en mati\u00e8re de gyn\u00e9cologie pr\u00e9ventive et de contraception aupr\u00e8s des femmes en bonne sant\u00e9 tout au long de leur vie, qu\u2019elles aient eu des enfants ou non.<\/p>\n\n\n\n<p style=\"text-align:center\">Les sages-femmes pratiquent un examen clinique complet (g\u00e9n\u00e9ral et gyn\u00e9cologique) et tous les actes n\u00e9cessaires \u00e0 votre suivi. Elles r\u00e9alisent \u00e9galement les frottis cervico-vaginaux de d\u00e9pistage et peuvent vous prescrire tous les examens compl\u00e9mentaires utiles \u00e0 votre suivi. Elles sont comp\u00e9tentes pour d\u00e9pister des pathologies et vous adressent alors \u00e0 un m\u00e9decin.<\/p>\n\n\n\n<p style=\"text-align:center\">Les sages-femmes peuvent vous prescrire diff\u00e9rentes m\u00e9thodes contraceptives apr\u00e8s un temps d\u2019information et d\u2019\u00e9changes, assurer votre suivi de contraception et effectuer la pose et\/ou le retrait des implants contraceptifs et des dispositifs intra-ut\u00e9rins (ou st\u00e9rilets). La sage-femme peut \u00e9galement proc\u00e9der \u00e0 la vaccination contre le papillomavirus humain.<\/p>\n\n\n\n<div class=\"wp-block-themeisle-blocks-advanced-columns has-1-columns has-desktop-equal-layout has-tablet-equal-layout has-mobile-equal-layout has-default-gap has-vertical-unset\" id=\"wp-block-themeisle-blocks-advanced-columns-639b61dd\" style=\"border-width:0px;border-style:solid;border-color:#000000;border-radius:0px;justify-content:unset\"><div class=\"wp-themeisle-block-overlay\" style=\"opacity:0.5;mix-blend-mode:normal\"><\/div><div class=\"innerblocks-wrap\"><\/div><\/div>\n","protected":false},"excerpt":{"rendered":"<p>Suivi gyn\u00e9cologique Depuis la loi HSPT du 21 juillet 2009, les sages-femmes peuvent assurer des consultations en mati\u00e8re de gyn\u00e9cologie pr\u00e9ventive et de contraception aupr\u00e8s des femmes en bonne sant\u00e9 tout au long de leur vie, qu\u2019elles aient eu des enfants ou non. Les sages-femmes pratiquent un examen clinique complet [&hellip;]<\/p>\n","protected":false},"author":1,"featured_media":0,"parent":0,"menu_order":0,"comment_status":"closed","ping_status":"closed","template":"page-templates\/template-pagebuilder-full-width.php","meta":{"footnotes":""},"class_list":["post-137","page","type-page","status-publish","hentry"],"aioseo_notices":[],"_links":{"self":[{"href":"https:\/\/sage-femme-chateau-renault.fr\/index.php\/wp-json\/wp\/v2\/pages\/137","targetHints":{"allow":["GET"]}}],"collection":[{"href":"https:\/\/sage-femme-chateau-renault.fr\/index.php\/wp-json\/wp\/v2\/pages"}],"about":[{"href":"https:\/\/sage-femme-chateau-renault.fr\/index.php\/wp-json\/wp\/v2\/types\/page"}],"author":[{"embeddable":true,"href":"https:\/\/sage-femme-chateau-renault.fr\/index.php\/wp-json\/wp\/v2\/users\/1"}],"replies":[{"embeddable":true,"href":"https:\/\/sage-femme-chateau-renault.fr\/index.php\/wp-json\/wp\/v2\/comments?post=137"}],"version-history":[{"count":7,"href":"https:\/\/sage-femme-chateau-renault.fr\/index.php\/wp-json\/wp\/v2\/pages\/137\/revisions"}],"predecessor-version":[{"id":449,"href":"https:\/\/sage-femme-chateau-renault.fr\/index.php\/wp-json\/wp\/v2\/pages\/137\/revisions\/449"}],"wp:attachment":[{"href":"https:\/\/sage-femme-chateau-renault.fr\/index.php\/wp-json\/wp\/v2\/media?parent=137"}],"curies":[{"name":"wp","href":"https:\/\/api.w.org\/{rel}","templated":true}]}}