{"id":135,"date":"2019-12-05T20:59:24","date_gmt":"2019-12-05T19:59:24","guid":{"rendered":"http:\/\/sage-femme-chateau-renault.fr\/?page_id=135"},"modified":"2022-01-05T17:26:32","modified_gmt":"2022-01-05T16:26:32","slug":"apres-votre-accouchement","status":"publish","type":"page","link":"https:\/\/sage-femme-chateau-renault.fr\/index.php\/apres-votre-accouchement\/","title":{"rendered":"Apr\u00e8s votre accouchement"},"content":{"rendered":"\n<p style=\"text-align:center\" class=\"has-large-font-size\">Apr\u00e8s votre accouchement<\/p>\n\n\n\n<div class=\"wp-block-image\"><figure class=\"aligncenter\"><img loading=\"lazy\" decoding=\"async\" width=\"194\" height=\"193\" src=\"http:\/\/sage-femme-chateau-renault.fr\/wp-content\/uploads\/2019\/12\/apres_1.jpg\" alt=\"\" class=\"wp-image-322\" srcset=\"https:\/\/sage-femme-chateau-renault.fr\/wp-content\/uploads\/2019\/12\/apres_1.jpg 194w, https:\/\/sage-femme-chateau-renault.fr\/wp-content\/uploads\/2019\/12\/apres_1-150x150.jpg 150w\" sizes=\"auto, (max-width: 194px) 100vw, 194px\" \/><\/figure><\/div>\n\n\n\n<p style=\"text-align:center\"><strong>Visites \u00e0 domicile<\/strong><\/p>\n\n\n\n<p style=\"text-align:center\">D\u00e8s votre retour \u00e0 la maison, votre sage-femme peut vous rendre visite \u00e0 domicile et effectuer votre suivi m\u00e9dical post accouchement ainsi que l\u2019examen de votre b\u00e9b\u00e9. Elle r\u00e9pond \u00e0 vos interrogations, vous donne des conseils pratiques et apporte un soutien \u00e0 l\u2019allaitement maternel si vous avez choisi d\u2019allaiter votre b\u00e9b\u00e9.<\/p>\n\n\n\n<p style=\"text-align:center\">En moyenne,1 \u00e0 2 visites sont programm\u00e9es, \u00e0 adapter en fonction de vos besoins.<\/p>\n\n\n\n<p style=\"text-align:center\">Jusqu\u2019au 12e jour apr\u00e8s l\u2019accouchement, cette visite sera rembours\u00e9e \u00e0 100 % par l\u2019assurance maladie. Au-del\u00e0, le remboursement sera de 70 %, le reste pouvant \u00eatre pris en charge par votre mutuelle.<\/p>\n\n\n\n<p style=\"text-align:center\"><strong>Visite post-natale<\/strong><\/p>\n\n\n\n<p style=\"text-align:center\">Ce rendez-vous, qui doit avoir lieu dans les 6 \u00e0 8 semaines suivant votre accouchement, est obligatoire et rembours\u00e9 par l\u2019assurance maladie.Cette consultation permet de faire le point sur votre \u00e9tat de sant\u00e9. &nbsp;Il d\u00e9bute par un entretien, suivi d\u2019un examen gyn\u00e9cologique permettant de s\u2019assurer du \u00ab retour \u00e0 la normale \u00bb de votre corps. C\u2019est \u00e9galement l\u2019occasion d\u2019aborder la r\u00e9\u00e9ducation p\u00e9rin\u00e9ale, la reprise de la sexualit\u00e9, le \u00ab retour de couches \u00bb, de faire un point sur la contraception, l\u2019alimentation de votre b\u00e9b\u00e9, votre sommeil, votre moral.<\/p>\n\n\n\n<p style=\"text-align:center\"><strong>R\u00e9\u00e9ducation p\u00e9rin\u00e9ale<\/strong><\/p>\n\n\n\n<p style=\"text-align:center\"><em>Qu\u2019est-ce que le p\u00e9rin\u00e9e ?<\/em><\/p>\n\n\n\n<p style=\"text-align:center\">Le p\u00e9rin\u00e9e est un ensemble de muscles en forme de losange situ\u00e9 dans le bassin, s\u2019\u00e9tendant de la face post\u00e9rieure du pubis jusqu\u2019au coccyx. Form\u00e9 de trois couches de muscles (p\u00e9rin\u00e9e superficiel, moyen et profond), il englobe les canaux des&nbsp;organes g\u00e9nitaux: ur\u00e8tre, vagin et anus chez la femme.<\/p>\n\n\n\n<p style=\"text-align:center\">Pendant la grossesse, le corps subit des chamboulements hormonaux, physiologiques et morphologiques ayant des r\u00e9percussions sur le p\u00e9rin\u00e9e (hyperlaxit\u00e9 ligamentaire et rel\u00e2chement musculaire du plancher pelvien qui doit soutenir le poids de l\u2019ut\u00e9rus et du b\u00e9b\u00e9). Cela explique pourquoi, m\u00eame en cas d\u2019accouchement par c\u00e9sarienne, une r\u00e9\u00e9ducation p\u00e9rin\u00e9ale peut \u00eatre n\u00e9cessaire.<\/p>\n\n\n\n<p style=\"text-align:center\">Au moment de l\u2019accouchement, le p\u00e9rin\u00e9e subit des modifications tr\u00e8s importantes pour laisser passer le b\u00e9b\u00e9.<\/p>\n\n\n\n<p style=\"text-align:center\"><strong>En pratique<\/strong><\/p>\n\n\n\n<p style=\"text-align:center\">Une dizaine de s\u00e9ances rembours\u00e9es \u00e0 100% par l\u2019assurance maladie, \u00e0 r\u00e9aliser \u00e0 partir de 6-8 semaines apr\u00e8s votre accouchement.<\/p>\n\n\n\n<p style=\"text-align:center\">Des s\u00e9ances de r\u00e9\u00e9ducation p\u00e9rin\u00e9ale peuvent \u00e9galement \u00eatre r\u00e9alis\u00e9es en-dehors de la p\u00e9riode du post-partum en cas d\u2019incontinence urinaire, de troubles de la statique pelvienne, de troubles g\u00e9nito-sexuels ou de troubles ano-rectaux. Une prescription de votre m\u00e9decin est alors n\u00e9cessaire.<\/p>\n\n\n\n<p style=\"text-align:center\">Je pratique une m\u00e9thode de r\u00e9\u00e9ducation manuelle du p\u00e9rin\u00e9e, qui se base sur la compr\u00e9hension du fonctionnement de tous les muscles du p\u00e9rin\u00e9e et vise l\u2019autonomie de la personne.<\/p>\n\n\n\n<div class=\"wp-block-themeisle-blocks-advanced-columns alignwide has-1-columns has-desktop-equal-layout has-tablet-equal-layout has-mobile-equal-layout has-default-gap has-vertical-flex-start\" id=\"wp-block-themeisle-blocks-advanced-columns-8fded87c\" style=\"border-width:0px;border-style:solid;border-color:#000000;border-radius:0px;justify-content:unset\"><div class=\"wp-themeisle-block-overlay\" style=\"opacity:0.5;mix-blend-mode:normal\"><\/div><div class=\"innerblocks-wrap\"><\/div><\/div>\n","protected":false},"excerpt":{"rendered":"<p>Apr\u00e8s votre accouchement Visites \u00e0 domicile D\u00e8s votre retour \u00e0 la maison, votre sage-femme peut vous rendre visite \u00e0 domicile et effectuer votre suivi m\u00e9dical post accouchement ainsi que l\u2019examen de votre b\u00e9b\u00e9. Elle r\u00e9pond \u00e0 vos interrogations, vous donne des conseils pratiques et apporte un soutien \u00e0 l\u2019allaitement maternel [&hellip;]<\/p>\n","protected":false},"author":1,"featured_media":0,"parent":0,"menu_order":0,"comment_status":"closed","ping_status":"closed","template":"page-templates\/template-pagebuilder-full-width.php","meta":{"footnotes":""},"class_list":["post-135","page","type-page","status-publish","hentry"],"aioseo_notices":[],"_links":{"self":[{"href":"https:\/\/sage-femme-chateau-renault.fr\/index.php\/wp-json\/wp\/v2\/pages\/135","targetHints":{"allow":["GET"]}}],"collection":[{"href":"https:\/\/sage-femme-chateau-renault.fr\/index.php\/wp-json\/wp\/v2\/pages"}],"about":[{"href":"https:\/\/sage-femme-chateau-renault.fr\/index.php\/wp-json\/wp\/v2\/types\/page"}],"author":[{"embeddable":true,"href":"https:\/\/sage-femme-chateau-renault.fr\/index.php\/wp-json\/wp\/v2\/users\/1"}],"replies":[{"embeddable":true,"href":"https:\/\/sage-femme-chateau-renault.fr\/index.php\/wp-json\/wp\/v2\/comments?post=135"}],"version-history":[{"count":19,"href":"https:\/\/sage-femme-chateau-renault.fr\/index.php\/wp-json\/wp\/v2\/pages\/135\/revisions"}],"predecessor-version":[{"id":448,"href":"https:\/\/sage-femme-chateau-renault.fr\/index.php\/wp-json\/wp\/v2\/pages\/135\/revisions\/448"}],"wp:attachment":[{"href":"https:\/\/sage-femme-chateau-renault.fr\/index.php\/wp-json\/wp\/v2\/media?parent=135"}],"curies":[{"name":"wp","href":"https:\/\/api.w.org\/{rel}","templated":true}]}}