{"id":129,"date":"2019-12-05T20:55:17","date_gmt":"2019-12-05T19:55:17","guid":{"rendered":"http:\/\/sage-femme-chateau-renault.fr\/?page_id=129"},"modified":"2022-01-05T17:27:12","modified_gmt":"2022-01-05T16:27:12","slug":"pendant-votre-grossesse","status":"publish","type":"page","link":"https:\/\/sage-femme-chateau-renault.fr\/index.php\/pendant-votre-grossesse\/","title":{"rendered":"Pendant votre grossesse"},"content":{"rendered":"\n<div style=\"height:20px\" aria-hidden=\"true\" class=\"wp-block-spacer\"><\/div>\n\n\n\n<div class=\"wp-block-image\"><figure class=\"aligncenter\"><img loading=\"lazy\" decoding=\"async\" width=\"194\" height=\"195\" src=\"https:\/\/sage-femme-chateau-renault.fr\/wp-content\/uploads\/2022\/01\/grossesse2.jpg\" alt=\"\" class=\"wp-image-441\" srcset=\"https:\/\/sage-femme-chateau-renault.fr\/wp-content\/uploads\/2022\/01\/grossesse2.jpg 194w, https:\/\/sage-femme-chateau-renault.fr\/wp-content\/uploads\/2022\/01\/grossesse2-150x150.jpg 150w\" sizes=\"auto, (max-width: 194px) 100vw, 194px\" \/><\/figure><\/div>\n\n\n\n<p style=\"text-align:center\"><strong>Consultations de grossesse<\/strong><\/p>\n\n\n\n<p style=\"text-align:center\">Dans le cas d\u2019une grossesse dite \u00ab physiologique \u00bb, le suivi m\u00e9dical de votre grossesse peut se faire par une sage femme.<\/p>\n\n\n\n<p style=\"text-align:center\">La premi\u00e8re consultation de grossesse doit avoir lieu au cours du 1er trimestre de grossesse, id\u00e9alement avant la premi\u00e8re \u00e9chographie, puis tous les mois. Les consultations du 8\u00e8me et du 9\u00e8me mois se font \u00e0 la maternit\u00e9 que vous aurez choisie pour votre accouchement.<\/p>\n\n\n\n<p style=\"text-align:center\">Ces consultations sont int\u00e9gralement prises en charge par l\u2019assurance maladie.<\/p>\n\n\n\n<p style=\"text-align:center\"><strong>L\u2019entretien pr\u00e9natal pr\u00e9coce<\/strong><\/p>\n\n\n\n<p style=\"text-align:center\">L\u2019entretien pr\u00e9natal pr\u00e9coce est un moment privil\u00e9gi\u00e9 d\u2019\u00e9coute et d\u2019\u00e9changes. C\u2019est une consultation non m\u00e9dicale, qui permet de parler de vos attentes, de vos besoins, et si n\u00e9cessaire de vous orienter vers les professionnels ad\u00e9quats. C\u2019est \u00e9galement un temps o\u00f9 nous aborderons votre \u00e9ventuel projet de naissance ainsi que les s\u00e9ances de pr\u00e9paration \u00e0 la naissance.<\/p>\n\n\n\n<p style=\"text-align:center\">Vous pouvez effectuer cet entretien au moment souhait\u00e9, de pr\u00e9f\u00e9rence autour du 4\u00e8me mois de votre grossesse. Vous pouvez venir seule ou accompagn\u00e9e de votre conjoint.<\/p>\n\n\n\n<p style=\"text-align:center\">Aucune prescription m\u00e9dicale n\u2019est n\u00e9cessaire et il est rembours\u00e9 \u00e0 100% par l\u2019assurance maladie.<\/p>\n\n\n\n<p style=\"text-align:center\"><strong>Pr\u00e9paration \u00e0 la naissance et \u00e0 la parentalit\u00e9<\/strong><\/p>\n\n\n\n<p style=\"text-align:center\">7 s\u00e9ances de pr\u00e9paration \u00e0 la naissance (en compl\u00e9ment de l\u2019entretien pr\u00e9natal pr\u00e9coce) sont pris en charge \u00e0 100% par l\u2019assurance maladie. Ces cours, d\u2019une dur\u00e9e de 1h30 environ, peuvent \u00eatre individuels ou collectifs (limit\u00e9s \u00e0 un groupe de 3 mamans ou couples) et peuvent d\u00e9buter&nbsp; d\u00e8s le 6\u00e8me mois de grossesse. Les papas sont les bienvenus !<\/p>\n\n\n\n<p style=\"text-align:center\">Ces ateliers th\u00e9matiques permettent aux parents :<\/p>\n\n\n\n<ul class=\"wp-block-list\"><li>d\u2019acqu\u00e9rir des connaissances th\u00e9oriques (d\u00e9roulement de la grossesse, de l\u2019accouchement et des suites de couches) afin de pr\u00e9parer au mieux l\u2019arriv\u00e9e de leur b\u00e9b\u00e9<\/li><li>de d\u00e9couvrir des outils pratiques (postures, respirations\u2026) qui faciliteront la gestion des contractions ut\u00e9rines tout au long du travail et vous aideront lors de votre accouchement, afin de vous approprier la naissance de votre enfant et d\u2019en \u00eatre pleinement acteurs.<\/li><\/ul>\n\n\n\n<p style=\"text-align:center\">Un temps de relaxation corporelle peut \u00eatre propos\u00e9 \u00e0 l\u2019issue de chaque s\u00e9ance.<\/p>\n\n\n\n<div class=\"wp-block-themeisle-blocks-advanced-columns alignfull has-1-columns has-desktop-equal-layout has-tablet-equal-layout has-mobile-equal-layout has-default-gap has-vertical-unset\" id=\"wp-block-themeisle-blocks-advanced-columns-2af0861a\" style=\"border-width:0px;border-style:solid;border-color:#000000;border-radius:0px;justify-content:unset\"><div class=\"wp-themeisle-block-overlay\" style=\"opacity:0.5;mix-blend-mode:normal\"><\/div><div class=\"innerblocks-wrap\"><\/div><\/div>\n","protected":false},"excerpt":{"rendered":"<p>Consultations de grossesse Dans le cas d\u2019une grossesse dite \u00ab physiologique \u00bb, le suivi m\u00e9dical de votre grossesse peut se faire par une sage femme. La premi\u00e8re consultation de grossesse doit avoir lieu au cours du 1er trimestre de grossesse, id\u00e9alement avant la premi\u00e8re \u00e9chographie, puis tous les mois. Les [&hellip;]<\/p>\n","protected":false},"author":1,"featured_media":0,"parent":0,"menu_order":0,"comment_status":"closed","ping_status":"closed","template":"page-templates\/template-pagebuilder-full-width.php","meta":{"footnotes":""},"class_list":["post-129","page","type-page","status-publish","hentry"],"aioseo_notices":[],"_links":{"self":[{"href":"https:\/\/sage-femme-chateau-renault.fr\/index.php\/wp-json\/wp\/v2\/pages\/129","targetHints":{"allow":["GET"]}}],"collection":[{"href":"https:\/\/sage-femme-chateau-renault.fr\/index.php\/wp-json\/wp\/v2\/pages"}],"about":[{"href":"https:\/\/sage-femme-chateau-renault.fr\/index.php\/wp-json\/wp\/v2\/types\/page"}],"author":[{"embeddable":true,"href":"https:\/\/sage-femme-chateau-renault.fr\/index.php\/wp-json\/wp\/v2\/users\/1"}],"replies":[{"embeddable":true,"href":"https:\/\/sage-femme-chateau-renault.fr\/index.php\/wp-json\/wp\/v2\/comments?post=129"}],"version-history":[{"count":64,"href":"https:\/\/sage-femme-chateau-renault.fr\/index.php\/wp-json\/wp\/v2\/pages\/129\/revisions"}],"predecessor-version":[{"id":446,"href":"https:\/\/sage-femme-chateau-renault.fr\/index.php\/wp-json\/wp\/v2\/pages\/129\/revisions\/446"}],"wp:attachment":[{"href":"https:\/\/sage-femme-chateau-renault.fr\/index.php\/wp-json\/wp\/v2\/media?parent=129"}],"curies":[{"name":"wp","href":"https:\/\/api.w.org\/{rel}","templated":true}]}}